{"id":5747,"date":"2018-09-20T10:46:08","date_gmt":"2018-09-20T10:46:08","guid":{"rendered":"https:\/\/trm.sernicola-labs.it\/?post_type=product&#038;p=5747"},"modified":"2024-03-19T10:04:56","modified_gmt":"2024-03-19T09:04:56","slug":"trm-race-strategy","status":"publish","type":"product","link":"https:\/\/trailrunningmovement.com\/it\/prodotto\/trm-race-strategy\/","title":{"rendered":"TRM<br>Race Strategy"},"content":{"rendered":"<p><strong>VANTAGGI<\/strong><\/p>\n<p>La TRM Race Strategy consente di:<\/p>\n<ul>\n<li>ottimizzare al meglio gli aspetti relativi alla gestione di una competizione in termini di tempi di percorrenza e strategia da adottare per le diverse sezioni di gara considerando il profilo del tracciato, il dislivello positivo e negativo, il tipo di terreno, le qualit\u00e0 dell\u2019atleta<\/li>\n<li>definire i materiali da utilizzare, ottimizzare la preparazione ed il peso dello zaino, stabilire gli eventuali indumenti di ricambio in gara<\/li>\n<li>scegliere il tipo di scarpa giusta sulla base del terreno di gara<\/li>\n<li>massimizzare le potenzialit\u00e0 ed ottenere il meglio in termini di performance<\/li>\n<\/ul>\n<p><strong>CONTENUTI<\/strong><\/p>\n<p>La TRM Race Strategy include:<\/p>\n<ul>\n<li>analisi della gestione di gare ed allenamenti lunghi<\/li>\n<li>un piano gara per la specifica competizione<\/li>\n<li>indicazioni sulla strategia da adottare per le singole sezioni di gara<\/li>\n<li>indicazioni, per le ultra trail, sui cambi di abbigliamento e materiali nei diversi tratti di gara, considerando il profilo della competizione, la dislocazione dei ristori, e le condizioni metereologiche previste<\/li>\n<li>programmazione e gestione dei microsonni per le gare di durata &gt; 35 ore<\/li>\n<\/ul>\n<p><strong>DESTINATARI<\/strong><\/p>\n<p>La TRM Race Strategy \u00e8 ideale per:<\/p>\n<ul>\n<li>trail runner e runner esperti che desiderano migliorare la performance in competizione<\/li>\n<li>trail runner beginner che vogliono apprendere la corretta gestione di una gara di trail running<\/li>\n<li>ultra trail runner che affrontano gare di lunga percorrenza e di piu\u2019 giorni e hanno la necessit\u00e0 di gestire piu\u2019 aspetti complessi<\/li>\n<\/ul>\n<p><strong>MODALIT\u00c0 DI FRUIZIONE<\/strong><\/p>\n<p>Per poter richiedere il programma TRM Race Strategy occorre:<\/p>\n<ul>\n<li>inviare la documentazione necessaria per l&#8217;identificazione personale e l&#8217;adempimento agli obblighi di legge (documento di identit\u00e0, tessera sanitaria, certificato medico di idoneit\u00e0 sportiva)<\/li>\n<li>procedere al pagamento<\/li>\n<\/ul>\n<p class=\"uk-text-large\">Completata la procedura di acquisto e la spedizione dei documenti, entro 2 giorni lavorativi la Segreteria provveder\u00e0 a inviare il link per la compilazione di un Questionario.<\/p>\n<p><a class=\"uk-button uk-button-primary\" href=\"\/condizioni-dacquisto-senza-rimborso\/\" target=\"_blank\" rel=\"noopener\">Condizioni d&#8217;acquisto<\/a><\/p>\n","protected":false},"excerpt":{"rendered":"<p>La TRM Race Stategy \u00e8 un piano gara PROFESSIONALE che viene elaborato dai TRM Coach in funzione di una specifica competizione indicata dall\u2019atleta. Ogni piano \u00e8 sviluppato in relazione alla distanza da percorrere, da 45km a 1000km e tiene conto di pi\u00f9 elementi quali la complessit\u00e0 della competizione, le condizioni climatiche ed il meteo previsto, il profilo del tracciato, i ristori e basi vita, la durata ed l\u2019obiettivo dell\u2019atleta. Il TRM Race Strategy viene PERSONALIZZATO dopo un&#8217;analisi attenta delle caratteristiche personali dell\u2019atleta e valutando la sua esperienza ed risultati ottenuti n passato. I TRM Race Strategy sono stati testati con successo in prima persona dai TRM Coach e su decine di atleti nel mondo, incluso atleti che hanno partecipato ai Campionati Mondiali di Trail Running.<\/p>\n","protected":false},"featured_media":12373,"template":"","meta":{"_acf_changed":false},"product_brand":[],"product_cat":[20],"product_tag":[],"class_list":{"0":"post-5747","1":"product","2":"type-product","3":"status-publish","4":"has-post-thumbnail","6":"product_cat-allenamento","8":"first","9":"instock","10":"taxable","11":"shipping-taxable","12":"product-type-variable","13":"has-default-attributes"},"acf":[],"_links":{"self":[{"href":"https:\/\/trailrunningmovement.com\/it\/wp-json\/wp\/v2\/product\/5747","targetHints":{"allow":["GET"]}}],"collection":[{"href":"https:\/\/trailrunningmovement.com\/it\/wp-json\/wp\/v2\/product"}],"about":[{"href":"https:\/\/trailrunningmovement.com\/it\/wp-json\/wp\/v2\/types\/product"}],"wp:featuredmedia":[{"embeddable":true,"href":"https:\/\/trailrunningmovement.com\/it\/wp-json\/wp\/v2\/media\/12373"}],"wp:attachment":[{"href":"https:\/\/trailrunningmovement.com\/it\/wp-json\/wp\/v2\/media?parent=5747"}],"wp:term":[{"taxonomy":"product_brand","embeddable":true,"href":"https:\/\/trailrunningmovement.com\/it\/wp-json\/wp\/v2\/product_brand?post=5747"},{"taxonomy":"product_cat","embeddable":true,"href":"https:\/\/trailrunningmovement.com\/it\/wp-json\/wp\/v2\/product_cat?post=5747"},{"taxonomy":"product_tag","embeddable":true,"href":"https:\/\/trailrunningmovement.com\/it\/wp-json\/wp\/v2\/product_tag?post=5747"}],"curies":[{"name":"wp","href":"https:\/\/api.w.org\/{rel}","templated":true}]}}