{"id":5649,"date":"2018-09-18T16:36:14","date_gmt":"2018-09-18T16:36:14","guid":{"rendered":"https:\/\/trm.sernicola-labs.it\/?post_type=product&#038;p=5649"},"modified":"2018-11-09T15:30:32","modified_gmt":"2018-11-09T15:30:32","slug":"test-glucosio","status":"publish","type":"product","link":"https:\/\/trailrunningmovement.com\/it\/prodotto\/test-glucosio\/","title":{"rendered":"Test<br>Glucosio"},"content":{"rendered":"<p><strong>VANTAGGI<\/strong><\/p>\n<p>Il Test Glucosio consente di:<\/p>\n<ul>\n<li>verificare in tempo reale livelli di glucosio nel sangue prima, durante e dopo la competizione o l\u2019allenamento<\/li>\n<li>monitorare i consumi energetici dell\u2019atleta e comprendere se ci\u00f2 che mangia e beve \u00e8 corretto in termini di quantit\u00e0 e qualit\u00e0<\/li>\n<li>apportare immediatamente delle modifiche nell\u2019intake ed ottenere i massimi benefici in termini di performance<\/li>\n<\/ul>\n<p><strong>CONTENUTI<\/strong><\/p>\n<p>Il test include:<\/p>\n<ul>\n<li>analisi delle abitudini alimentari quotidiane<\/li>\n<li>analisi della nutrizione in gare o allenamenti di trail running<\/li>\n<li>affitto dell\u2019attrezzatura necessaria per fare il test di glucosio in allenamento o gara<\/li>\n<li>formazione online sull&#8217;applicazione e utilizzo dei sensori<\/li>\n<li>interpretazione dei risultati del test e riscontro sul tipo di alimentazione utilizzata<\/li>\n<\/ul>\n<p><strong>DESTINATARI<\/strong><\/p>\n<p>Il Test Glucosio \u00e8 ideale per:<\/p>\n<ul>\n<li>atleti professionisti che ambiscono a atleti vincere Campionati regionali, nazionali o Mondiali di trail running<\/li>\n<li>trail runner esperti che desiderano migliorare le performance in gare di ultra trail<\/li>\n<\/ul>\n<p><strong>MODALIT\u00c0 DI FRUIZIONE<\/strong><\/p>\n<p>Per poter iniziare il Test Glucosio occorre:<\/p>\n<ul>\n<li>inviare la documentazione necessaria per l&#8217;identificazione personale e l&#8217;adempimento agli obblighi di legge (documento di identit\u00e0, tessera sanitaria, certificato medico di idoneit\u00e0 sportiva)<\/li>\n<li>procedere al pagamento<\/li>\n<\/ul>\n<p class=\"uk-text-large\">Completata la procedura di acquisto e la spedizione dei documenti, entro 2 giorni lavorativi la Segreteria provveder\u00e0 ad il link per completare il Questionario Nutrizionale e tutte le informazioni necessarie per effettuare il test.<\/p>\n<p><a class=\"uk-button uk-button-primary\" href=\"\/condizioni-dacquisto-senza-rimborso\/\" target=\"_blank\" rel=\"noopener\">Condizioni d&#8217;acquisto<\/a><\/p>\n","protected":false},"excerpt":{"rendered":"<p>Il Team TRM utilizza con successo Test Glucosio con microchip di ultima generazione da oltre quattro anni. I microchip sono stati utilizzati dai TRM Coach alla Transpyerenea e da Christian Pizzatti nel Campionato del Mondo di Trail Running nel 2017. Il Test consente di monitorare in tempo reale il livello di energia disponibile nel sangue ed i consumi grazie all&#8217;utilizzo di innovativi sensori indossabili (microchip). I dati registrati dal sensore, a test concluso, vengono letti e rielaborati dagli esperti nutrizionisti di TRM che forniscono il riscontro all\u2019atleta relativamente ai consumi ed alla modalit\u00e0 di reintegro adottata in gara o allenamento.<\/p>\n","protected":false},"featured_media":12340,"template":"","meta":{"_acf_changed":false},"product_brand":[],"product_cat":[19],"product_tag":[],"class_list":{"0":"post-5649","1":"product","2":"type-product","3":"status-publish","4":"has-post-thumbnail","6":"product_cat-alimentazione","8":"first","9":"instock","10":"virtual","11":"taxable","12":"purchasable","13":"product-type-simple"},"acf":[],"_links":{"self":[{"href":"https:\/\/trailrunningmovement.com\/it\/wp-json\/wp\/v2\/product\/5649","targetHints":{"allow":["GET"]}}],"collection":[{"href":"https:\/\/trailrunningmovement.com\/it\/wp-json\/wp\/v2\/product"}],"about":[{"href":"https:\/\/trailrunningmovement.com\/it\/wp-json\/wp\/v2\/types\/product"}],"wp:featuredmedia":[{"embeddable":true,"href":"https:\/\/trailrunningmovement.com\/it\/wp-json\/wp\/v2\/media\/12340"}],"wp:attachment":[{"href":"https:\/\/trailrunningmovement.com\/it\/wp-json\/wp\/v2\/media?parent=5649"}],"wp:term":[{"taxonomy":"product_brand","embeddable":true,"href":"https:\/\/trailrunningmovement.com\/it\/wp-json\/wp\/v2\/product_brand?post=5649"},{"taxonomy":"product_cat","embeddable":true,"href":"https:\/\/trailrunningmovement.com\/it\/wp-json\/wp\/v2\/product_cat?post=5649"},{"taxonomy":"product_tag","embeddable":true,"href":"https:\/\/trailrunningmovement.com\/it\/wp-json\/wp\/v2\/product_tag?post=5649"}],"curies":[{"name":"wp","href":"https:\/\/api.w.org\/{rel}","templated":true}]}}