{"id":14946,"date":"2019-11-25T22:25:41","date_gmt":"2019-11-25T22:25:41","guid":{"rendered":"https:\/\/trailrunningmovement.com\/?post_type=product&#038;p=14946"},"modified":"2019-11-25T22:25:42","modified_gmt":"2019-11-25T22:25:42","slug":"aftershokz-aeropex-auricolari-impermeabili-a-conduzione-ossea","status":"publish","type":"product","link":"https:\/\/trailrunningmovement.com\/it\/prodotto\/aftershokz-aeropex-auricolari-impermeabili-a-conduzione-ossea\/","title":{"rendered":"Aftershokz Aeropex &#8211; Auricolari impermeabili a conduzione ossea"},"content":{"rendered":"","protected":false},"excerpt":{"rendered":"<p>Aeropex \u00e8 ad oggi la cuffia a orecchio libero pi\u00f9 leggera ed ergonomia. E&#8217; assolutamente perfetta per il trail runner che passa molte ore in montagna in solitudine.<\/p>\n<p>Ecco le <strong>caratteristiche principali del prodotto<\/strong><\/p>\n<ul class=\"a-unordered-list a-vertical a-spacing-none\">\n<li><span class=\"a-list-item\">Cuffie impermeabili con qualit\u00e0 audio eccezionale fornita dalla tecnologia PremiumPitch 2+ e meno vibrazioni rispetto al modello Air.\u00a0<\/span><\/li>\n<li><span class=\"a-list-item\">Design ad orecchio libero: niente nelle tue orecchie, che restano libere. E&#8217; pi\u00f9 sicuro per correre<\/span><\/li>\n<li><span class=\"a-list-item\">Suono migliorato, le vibrazioni di Aeropex sono orientate di 30 gradi verso il viso, questo permette bassi pi\u00f9 precisi. La vibrazione della voce umana inoltre \u00e8 pi\u00f9 nitida con una curva delle frequenze di risposta pi\u00f9 defintia.<\/span><\/li>\n<li><span class=\"a-list-item\">Comfort per tutto il giorno: sono le cuffie wireless di Aftershokz pi\u00f9 leggere (26g) per garantire un incomparabile comfort. L&#8217;archetto avvolto in titanio le rende flessibili per aderire a teste di diverse dimensioni.<\/span><\/li>\n<li><span class=\"a-list-item\">8 ore di autonomia in uso, 10 giorni in stand-by, doppi microfoni con cancellazione del rumore. 2 anni di garanzia.<\/span><\/li>\n<\/ul>\n","protected":false},"featured_media":14947,"template":"","meta":{"_acf_changed":false},"product_brand":[],"product_cat":[1698,1682,1683],"product_tag":[2047,2046,2037,2038,2045],"class_list":{"0":"post-14946","1":"product","2":"type-product","3":"status-publish","4":"has-post-thumbnail","6":"product_cat-musica","7":"product_cat-affiliate-marketing-it","8":"product_cat-libri-musica-varie-it","9":"product_tag-auricolari-a-conduzione-ossea","10":"product_tag-auricolari-impermiabili","11":"product_tag-auricolari-running","12":"product_tag-auricolari-trail-running","13":"product_tag-cuffie-sport","15":"first","16":"instock","17":"taxable","18":"shipping-taxable","19":"product-type-external"},"acf":[],"_links":{"self":[{"href":"https:\/\/trailrunningmovement.com\/it\/wp-json\/wp\/v2\/product\/14946","targetHints":{"allow":["GET"]}}],"collection":[{"href":"https:\/\/trailrunningmovement.com\/it\/wp-json\/wp\/v2\/product"}],"about":[{"href":"https:\/\/trailrunningmovement.com\/it\/wp-json\/wp\/v2\/types\/product"}],"wp:featuredmedia":[{"embeddable":true,"href":"https:\/\/trailrunningmovement.com\/it\/wp-json\/wp\/v2\/media\/14947"}],"wp:attachment":[{"href":"https:\/\/trailrunningmovement.com\/it\/wp-json\/wp\/v2\/media?parent=14946"}],"wp:term":[{"taxonomy":"product_brand","embeddable":true,"href":"https:\/\/trailrunningmovement.com\/it\/wp-json\/wp\/v2\/product_brand?post=14946"},{"taxonomy":"product_cat","embeddable":true,"href":"https:\/\/trailrunningmovement.com\/it\/wp-json\/wp\/v2\/product_cat?post=14946"},{"taxonomy":"product_tag","embeddable":true,"href":"https:\/\/trailrunningmovement.com\/it\/wp-json\/wp\/v2\/product_tag?post=14946"}],"curies":[{"name":"wp","href":"https:\/\/api.w.org\/{rel}","templated":true}]}}