{"id":14928,"date":"2019-11-25T13:18:37","date_gmt":"2019-11-25T13:18:37","guid":{"rendered":"https:\/\/trailrunningmovement.com\/?post_type=product&#038;p=14928"},"modified":"2019-11-25T13:20:21","modified_gmt":"2019-11-25T13:20:21","slug":"drone-dji-mavic-ultraleggero-e-portatile","status":"publish","type":"product","link":"https:\/\/trailrunningmovement.com\/it\/prodotto\/drone-dji-mavic-ultraleggero-e-portatile\/","title":{"rendered":"Drone Dji Mavic Ultraleggero e Portatile"},"content":{"rendered":"","protected":false},"excerpt":{"rendered":"<p>Ecco uno strumento perfetto per immortalare situazioni e momenti memorabili quando sei in montagna a praticare il trail running. In soli 250 grammi, Mavic Mini \u00e8 un Drone leggero quasi come uno smartphone. Questo lo colloca nella categoria di droni pi\u00f9 leggera e sicura, che non necessit\u00e0 della registrazione dell\u2019aeromobile per l\u2019abilitazione al volo.<\/p>\n<p>Componenti inclusi<\/p>\n<p>1x Aeromobile; 1x Copertura protettiva della fotocamera; 1x Radiocomando; 3x Eliche di ricambio (coppia); 2x Cavo Micro USB; 3x Batteria di volo intelligente; 1x Paraeliche circolari; 1xStazione di ricarica doppio uso; 1x Cavo radiocomando (connettore Micro USB); 1x Cavo radiocomando (connettore USB-C); 1x Cavo radiocomando (connettore Lightning); 1x DJI &#8211; Caricabatterie USB 18W; 1x Stick di ricambio (coppia); 1x Cacciavite; 18x Vite di ricambio; 1x Custodia da trasporto<\/p>\n","protected":false},"featured_media":14929,"template":"","meta":{"_acf_changed":false},"product_brand":[],"product_cat":[1682,1684,1690],"product_tag":[2012,2014,2013,2010,2015],"class_list":{"0":"post-14928","1":"product","2":"type-product","3":"status-publish","4":"has-post-thumbnail","6":"product_cat-affiliate-marketing-it","7":"product_cat-attrezzatura-accessori-tecnologia-it","8":"product_cat-tecnologia","9":"product_tag-drone","10":"product_tag-foto-sportive","11":"product_tag-miglior-drone-trail-running","12":"product_tag-tecnologia-trail-running","13":"product_tag-video-trail-running","15":"first","16":"instock","17":"taxable","18":"shipping-taxable","19":"product-type-external"},"acf":[],"_links":{"self":[{"href":"https:\/\/trailrunningmovement.com\/it\/wp-json\/wp\/v2\/product\/14928","targetHints":{"allow":["GET"]}}],"collection":[{"href":"https:\/\/trailrunningmovement.com\/it\/wp-json\/wp\/v2\/product"}],"about":[{"href":"https:\/\/trailrunningmovement.com\/it\/wp-json\/wp\/v2\/types\/product"}],"wp:featuredmedia":[{"embeddable":true,"href":"https:\/\/trailrunningmovement.com\/it\/wp-json\/wp\/v2\/media\/14929"}],"wp:attachment":[{"href":"https:\/\/trailrunningmovement.com\/it\/wp-json\/wp\/v2\/media?parent=14928"}],"wp:term":[{"taxonomy":"product_brand","embeddable":true,"href":"https:\/\/trailrunningmovement.com\/it\/wp-json\/wp\/v2\/product_brand?post=14928"},{"taxonomy":"product_cat","embeddable":true,"href":"https:\/\/trailrunningmovement.com\/it\/wp-json\/wp\/v2\/product_cat?post=14928"},{"taxonomy":"product_tag","embeddable":true,"href":"https:\/\/trailrunningmovement.com\/it\/wp-json\/wp\/v2\/product_tag?post=14928"}],"curies":[{"name":"wp","href":"https:\/\/api.w.org\/{rel}","templated":true}]}}