{"id":13829,"date":"2018-12-06T19:04:41","date_gmt":"2018-12-06T19:04:41","guid":{"rendered":"https:\/\/trailrunningmovement.com\/?post_type=product&#038;p=13829"},"modified":"2018-12-06T19:04:41","modified_gmt":"2018-12-06T19:04:41","slug":"suntribe-crema-solare-naturale-sport-fps-30-resistente-allacqua-100-zinco","status":"publish","type":"product","link":"https:\/\/trailrunningmovement.com\/it\/prodotto\/suntribe-crema-solare-naturale-sport-fps-30-resistente-allacqua-100-zinco\/","title":{"rendered":"Suntribe Crema Solare Naturale &#8211; Sport &#8211; FPS 30 &#8211; Resistente all&#8217;acqua &#8211; 100% Zinco"},"content":{"rendered":"","protected":false},"excerpt":{"rendered":"<p>Sviluppata in Svezia con ingredienti naturali e biologici al 100%. Delicata sulla pelle e sicura per l&#8217;ambiente.\u00a0<span class=\"a-list-item\">L&#8217;ossido di zinco non nanometrico \u00e8 il filtro minerale UV che la ricerca ritiene la pi\u00f9 sicura e pi\u00f9 efficace forma di protezione UV disponibile. Completamente privo di filtri UV chimico- nocivi, parabeni, conservanti e altre sostanze nocive.\u00a0<\/span><span class=\"a-list-item\">Protezione ad ampio spettro altamente efficace e scientificamente testata contro i raggi UVA e UVB &#8211; SPF 30. Molto resistente all&#8217;acqua.\u00a0Ipoallergenica &#8211; delicata e adatta a pelli sensibili. Usata da atleti professionisti\u00a0<\/span><\/p>\n","protected":false},"featured_media":13830,"template":"","meta":{"_acf_changed":false},"product_brand":[],"product_cat":[1682,1695,1685],"product_tag":[],"class_list":{"0":"post-13829","1":"product","2":"type-product","3":"status-publish","4":"has-post-thumbnail","6":"product_cat-affiliate-marketing-it","7":"product_cat-benessere","8":"product_cat-salute-e-benessere-it","10":"first","11":"instock","12":"taxable","13":"shipping-taxable","14":"product-type-external"},"acf":[],"_links":{"self":[{"href":"https:\/\/trailrunningmovement.com\/it\/wp-json\/wp\/v2\/product\/13829","targetHints":{"allow":["GET"]}}],"collection":[{"href":"https:\/\/trailrunningmovement.com\/it\/wp-json\/wp\/v2\/product"}],"about":[{"href":"https:\/\/trailrunningmovement.com\/it\/wp-json\/wp\/v2\/types\/product"}],"wp:featuredmedia":[{"embeddable":true,"href":"https:\/\/trailrunningmovement.com\/it\/wp-json\/wp\/v2\/media\/13830"}],"wp:attachment":[{"href":"https:\/\/trailrunningmovement.com\/it\/wp-json\/wp\/v2\/media?parent=13829"}],"wp:term":[{"taxonomy":"product_brand","embeddable":true,"href":"https:\/\/trailrunningmovement.com\/it\/wp-json\/wp\/v2\/product_brand?post=13829"},{"taxonomy":"product_cat","embeddable":true,"href":"https:\/\/trailrunningmovement.com\/it\/wp-json\/wp\/v2\/product_cat?post=13829"},{"taxonomy":"product_tag","embeddable":true,"href":"https:\/\/trailrunningmovement.com\/it\/wp-json\/wp\/v2\/product_tag?post=13829"}],"curies":[{"name":"wp","href":"https:\/\/api.w.org\/{rel}","templated":true}]}}