{"id":13752,"date":"2018-12-06T15:59:04","date_gmt":"2018-12-06T15:59:04","guid":{"rendered":"https:\/\/trailrunningmovement.com\/?post_type=product&#038;p=13752"},"modified":"2018-12-06T15:59:04","modified_gmt":"2018-12-06T15:59:04","slug":"salomon-shorts-trail-running-donna","status":"publish","type":"product","link":"https:\/\/trailrunningmovement.com\/it\/prodotto\/salomon-shorts-trail-running-donna\/","title":{"rendered":"Salomon Shorts Trail Running Donna"},"content":{"rendered":"","protected":false},"excerpt":{"rendered":"<p><span class=\"a-list-item\">Shorts da donna leggeri in taffet\u00e0, tasca posteriore con zip per contenere chiavi o soldi, ottimi per corsa su sentiero, strada e attivit\u00e0 in palestra, taglio ampio e comodo. In<\/span><span class=\"a-list-item\">\u00a0tessuto interno traspirante ad asciugatura rapida e tessuto esterno leggero per un comfort e una libert\u00e0 di movimento ottimali durante tutte le attivit\u00e0 sportive, cintura elastica e coulisse per un&#8217;ottima vestibilit\u00e0.\u00a0<\/span><span class=\"a-list-item\">Protezione UVA e UVB (SPF 50) per proteggere la pelle anche nei giorni pi\u00f9 caldi, cuciture e dettagli riflettenti a 360\u00b0.<\/span><\/p>\n","protected":false},"featured_media":13753,"template":"","meta":{"_acf_changed":false},"product_brand":[],"product_cat":[1689,1682,1686],"product_tag":[],"class_list":{"0":"post-13752","1":"product","2":"type-product","3":"status-publish","4":"has-post-thumbnail","6":"product_cat-abbigliamento","7":"product_cat-affiliate-marketing-it","8":"product_cat-scarpe-abbigliamento-it","10":"first","11":"instock","12":"taxable","13":"shipping-taxable","14":"product-type-external"},"acf":[],"_links":{"self":[{"href":"https:\/\/trailrunningmovement.com\/it\/wp-json\/wp\/v2\/product\/13752","targetHints":{"allow":["GET"]}}],"collection":[{"href":"https:\/\/trailrunningmovement.com\/it\/wp-json\/wp\/v2\/product"}],"about":[{"href":"https:\/\/trailrunningmovement.com\/it\/wp-json\/wp\/v2\/types\/product"}],"wp:featuredmedia":[{"embeddable":true,"href":"https:\/\/trailrunningmovement.com\/it\/wp-json\/wp\/v2\/media\/13753"}],"wp:attachment":[{"href":"https:\/\/trailrunningmovement.com\/it\/wp-json\/wp\/v2\/media?parent=13752"}],"wp:term":[{"taxonomy":"product_brand","embeddable":true,"href":"https:\/\/trailrunningmovement.com\/it\/wp-json\/wp\/v2\/product_brand?post=13752"},{"taxonomy":"product_cat","embeddable":true,"href":"https:\/\/trailrunningmovement.com\/it\/wp-json\/wp\/v2\/product_cat?post=13752"},{"taxonomy":"product_tag","embeddable":true,"href":"https:\/\/trailrunningmovement.com\/it\/wp-json\/wp\/v2\/product_tag?post=13752"}],"curies":[{"name":"wp","href":"https:\/\/api.w.org\/{rel}","templated":true}]}}