{"id":13725,"date":"2018-12-06T09:33:57","date_gmt":"2018-12-06T09:33:57","guid":{"rendered":"https:\/\/trailrunningmovement.com\/?post_type=product&#038;p=13725"},"modified":"2018-12-06T09:34:44","modified_gmt":"2018-12-06T09:34:44","slug":"asics-gel-nimbus-20-scarpe-running-donna","status":"publish","type":"product","link":"https:\/\/trailrunningmovement.com\/it\/prodotto\/asics-gel-nimbus-20-scarpe-running-donna\/","title":{"rendered":"Asics Gel-Nimbus 20, Scarpe Running Donna"},"content":{"rendered":"","protected":false},"excerpt":{"rendered":"<p>Creata per le runner da strada con pronazione neutra, la GEL-NIMBUS 20 presenta un GEL visibile nel retro piede posizionato pi\u00f9 vicino al piede, in grado di semplificare ogni passo, rendendolo pi\u00f9 morbido e pi\u00f9 confortevole, sia per una mezza maratona che per un&#8217;intera maratona. La tomaia fluid Fit con rete a gradiente offre svariati livelli a sostegno dell&#8217;espansione e della contrazione della pelle del piede. Grazie ai miglioramenti nel design, gli esperti di scarpe da corsa Asics raccomandano la scelta di una taglia pi\u00f9 grande di mezzo numero per la GEL-NIMBUS 20. Caratteristiche: leggera, calzabilit\u00e0 migliorata, Impact Guidance system (igs), intersuola con strato inferiore FlyteFoam, intersuola con strato superiore speva, tecnologia Guidance Line e Trusstic, GEL visibile nel retro piede, soletta Ortholite, tomaia fluid Fit con rete a gradazione, suola in spugna ahar+ e ahar, rivestimento interno Ortholite X-40, Clutch Counter esterno, riflettivit\u00e0 3M.<\/p>\n","protected":false},"featured_media":13721,"template":"","meta":{"_acf_changed":false},"product_brand":[],"product_cat":[1682,1688,1686],"product_tag":[],"class_list":{"0":"post-13725","1":"product","2":"type-product","3":"status-publish","4":"has-post-thumbnail","6":"product_cat-affiliate-marketing-it","7":"product_cat-scarpe","8":"product_cat-scarpe-abbigliamento-it","10":"first","11":"instock","12":"taxable","13":"shipping-taxable","14":"product-type-external"},"acf":[],"_links":{"self":[{"href":"https:\/\/trailrunningmovement.com\/it\/wp-json\/wp\/v2\/product\/13725","targetHints":{"allow":["GET"]}}],"collection":[{"href":"https:\/\/trailrunningmovement.com\/it\/wp-json\/wp\/v2\/product"}],"about":[{"href":"https:\/\/trailrunningmovement.com\/it\/wp-json\/wp\/v2\/types\/product"}],"wp:featuredmedia":[{"embeddable":true,"href":"https:\/\/trailrunningmovement.com\/it\/wp-json\/wp\/v2\/media\/13721"}],"wp:attachment":[{"href":"https:\/\/trailrunningmovement.com\/it\/wp-json\/wp\/v2\/media?parent=13725"}],"wp:term":[{"taxonomy":"product_brand","embeddable":true,"href":"https:\/\/trailrunningmovement.com\/it\/wp-json\/wp\/v2\/product_brand?post=13725"},{"taxonomy":"product_cat","embeddable":true,"href":"https:\/\/trailrunningmovement.com\/it\/wp-json\/wp\/v2\/product_cat?post=13725"},{"taxonomy":"product_tag","embeddable":true,"href":"https:\/\/trailrunningmovement.com\/it\/wp-json\/wp\/v2\/product_tag?post=13725"}],"curies":[{"name":"wp","href":"https:\/\/api.w.org\/{rel}","templated":true}]}}