{"id":13703,"date":"2018-12-06T08:48:56","date_gmt":"2018-12-06T08:48:56","guid":{"rendered":"https:\/\/trailrunningmovement.com\/?post_type=product&#038;p=13703"},"modified":"2018-12-06T08:48:57","modified_gmt":"2018-12-06T08:48:57","slug":"la-sportiva-bushido-scarpe-trail-running-uomo","status":"publish","type":"product","link":"https:\/\/trailrunningmovement.com\/it\/prodotto\/la-sportiva-bushido-scarpe-trail-running-uomo\/","title":{"rendered":"La Sportiva Bushido, Scarpe Trail Running Uomo"},"content":{"rendered":"","protected":false},"excerpt":{"rendered":"<p>Le scarpe trail running Bushido di La Sportiva sono create per trail runner esigenti, che percorrono distanze medie. Si distinguono per struttura ultraleggera e un ottimo grip su terreni con caratteristiche variegate. La conformazione differenziata dei tasselli e il profilo arrotondato garantiscono la migliore tenuta in ogni situazione: terreni morbidi o duri, detriti, radici ecc. La Sportiva Bushido \u00e8 un modello tecnico: lo scheletro in TPU posto lateralmente sulla tomaia, scende ad avvolgere l&#8217;intersuola nella parte mediale stabilizzando la calzatura. Tale soluzione permette di ottenere una calzata pi\u00f9 fasciante ed una maggiore stabilit\u00e0 generale grazie al lavoro sinergico di tomaia ed intersuola, oltre ad un alleggerimento del prodotto. La suola bi-mescola presenta superfici di appoggio differenziate: la forma arrotondata dei tasselli esterni che salgono lateralmente a toccare l&#8217;intersuola, crea un angolo di appoggio graduale con il terreno mantenendo la stabilit\u00e0 anche in casi di torsioni estreme del piede. Questo permette di correre in sicurezza anche sui terreni pi\u00f9 tecnici in presenza di radici, sassi e rami. Massimo sostegno e fasciatura sulla parte mediale del piede, libert\u00e0 di movimento e comfort in punta.<\/p>\n","protected":false},"featured_media":13704,"template":"","meta":{"_acf_changed":false},"product_brand":[],"product_cat":[1682,1688,1686],"product_tag":[],"class_list":{"0":"post-13703","1":"product","2":"type-product","3":"status-publish","4":"has-post-thumbnail","6":"product_cat-affiliate-marketing-it","7":"product_cat-scarpe","8":"product_cat-scarpe-abbigliamento-it","10":"first","11":"instock","12":"taxable","13":"shipping-taxable","14":"product-type-external"},"acf":[],"_links":{"self":[{"href":"https:\/\/trailrunningmovement.com\/it\/wp-json\/wp\/v2\/product\/13703","targetHints":{"allow":["GET"]}}],"collection":[{"href":"https:\/\/trailrunningmovement.com\/it\/wp-json\/wp\/v2\/product"}],"about":[{"href":"https:\/\/trailrunningmovement.com\/it\/wp-json\/wp\/v2\/types\/product"}],"wp:featuredmedia":[{"embeddable":true,"href":"https:\/\/trailrunningmovement.com\/it\/wp-json\/wp\/v2\/media\/13704"}],"wp:attachment":[{"href":"https:\/\/trailrunningmovement.com\/it\/wp-json\/wp\/v2\/media?parent=13703"}],"wp:term":[{"taxonomy":"product_brand","embeddable":true,"href":"https:\/\/trailrunningmovement.com\/it\/wp-json\/wp\/v2\/product_brand?post=13703"},{"taxonomy":"product_cat","embeddable":true,"href":"https:\/\/trailrunningmovement.com\/it\/wp-json\/wp\/v2\/product_cat?post=13703"},{"taxonomy":"product_tag","embeddable":true,"href":"https:\/\/trailrunningmovement.com\/it\/wp-json\/wp\/v2\/product_tag?post=13703"}],"curies":[{"name":"wp","href":"https:\/\/api.w.org\/{rel}","templated":true}]}}