{"id":13682,"date":"2018-12-05T09:02:12","date_gmt":"2018-12-05T09:02:12","guid":{"rendered":"https:\/\/trailrunningmovement.com\/?post_type=product&#038;p=13682"},"modified":"2018-12-05T09:02:48","modified_gmt":"2018-12-05T09:02:48","slug":"salomon-s-lab-sense-ultra-5-l","status":"publish","type":"product","link":"https:\/\/trailrunningmovement.com\/it\/prodotto\/salomon-s-lab-sense-ultra-5-l\/","title":{"rendered":"Salomon S-Lab Sense Ultra 5 L"},"content":{"rendered":"","protected":false},"excerpt":{"rendered":"<p>SLAB Sense Ultra 5, \u00e8 uno zaino minimale, equilibrato e super efficiente. Questa rivoluzionaria innovazione \u00e8 la soluzione pi\u00f9 avanzata di trasporto, realizzata con i consigli di atleti professionisti. Tutto \u00e8 a stretto contatto con il corpo esattamente dove dovrebbe essere. Comfort minimale Un&#8217;idea differente di leggerezza. Ogni eccedenza \u00e8 stata evitata, per un peso di soli 100 grammi. In un materiale antiodore, trapirante e cattura sudore. Le zone di sfregamento potenziale sono state rese pi\u00f9 regolari. Il segreto per la massima performance \u00e8 l&#8217;attenzione al dettaglo. Fit stabile e preciso. Il carico \u00e8 ben equilibrato davanti e dietro. Grazie al sistema Sensifit avvolge il corpo senza costrizioni. Sistema Quick access studiato in modo da farti raggiungere quello che ti serve mentre fai attivit\u00e0, senza fermarti a cercare. L&#8217;idratazione \u00e8 accessibile direttamente nella parte anteriore.<\/p>\n","protected":false},"featured_media":13683,"template":"","meta":{"_acf_changed":false},"product_brand":[],"product_cat":[1682,1692,1684],"product_tag":[],"class_list":{"0":"post-13682","1":"product","2":"type-product","3":"status-publish","4":"has-post-thumbnail","6":"product_cat-affiliate-marketing-it","7":"product_cat-attrezzatura","8":"product_cat-attrezzatura-accessori-tecnologia-it","10":"first","11":"instock","12":"taxable","13":"shipping-taxable","14":"product-type-external"},"acf":[],"_links":{"self":[{"href":"https:\/\/trailrunningmovement.com\/it\/wp-json\/wp\/v2\/product\/13682","targetHints":{"allow":["GET"]}}],"collection":[{"href":"https:\/\/trailrunningmovement.com\/it\/wp-json\/wp\/v2\/product"}],"about":[{"href":"https:\/\/trailrunningmovement.com\/it\/wp-json\/wp\/v2\/types\/product"}],"wp:featuredmedia":[{"embeddable":true,"href":"https:\/\/trailrunningmovement.com\/it\/wp-json\/wp\/v2\/media\/13683"}],"wp:attachment":[{"href":"https:\/\/trailrunningmovement.com\/it\/wp-json\/wp\/v2\/media?parent=13682"}],"wp:term":[{"taxonomy":"product_brand","embeddable":true,"href":"https:\/\/trailrunningmovement.com\/it\/wp-json\/wp\/v2\/product_brand?post=13682"},{"taxonomy":"product_cat","embeddable":true,"href":"https:\/\/trailrunningmovement.com\/it\/wp-json\/wp\/v2\/product_cat?post=13682"},{"taxonomy":"product_tag","embeddable":true,"href":"https:\/\/trailrunningmovement.com\/it\/wp-json\/wp\/v2\/product_tag?post=13682"}],"curies":[{"name":"wp","href":"https:\/\/api.w.org\/{rel}","templated":true}]}}