{"id":13670,"date":"2018-12-05T08:22:29","date_gmt":"2018-12-05T08:22:29","guid":{"rendered":"https:\/\/trailrunningmovement.com\/?post_type=product&#038;p=13670"},"modified":"2018-12-05T08:26:55","modified_gmt":"2018-12-05T08:26:55","slug":"bv-sport-nature3r-maglia-maniche-lunghe-donna","status":"publish","type":"product","link":"https:\/\/trailrunningmovement.com\/it\/prodotto\/bv-sport-nature3r-maglia-maniche-lunghe-donna\/","title":{"rendered":"BV Sport Nature3R Maglia Maniche Lunghe Donna"},"content":{"rendered":"","protected":false},"excerpt":{"rendered":"<p>La maglia tecnica nature3r con zip \u00e8 perfetta per il trail running in condizioni di freddo e umido. Migliora la tonicit\u00e0 dei muscoli pi\u00f9 sollecitati durante lo sforzo, consente di ridurre notevolmente le vibrazioni e aumenta il rendimento muscolare e la performance. La gamma di compressione tessile nature3r \u00e8 realizzata con le nuove fibre innovative Q-Nova e Dryarn. La microfibra polipropilene Dryarn, \u00e8 naturalmente idrofoba. Non assorbe l&#8217;umidit\u00e0, asciuga molto rapidamente, migliora lo scambio termico e permette la regolazione della temperatura del corpo.<\/p>\n","protected":false},"featured_media":13671,"template":"","meta":{"_acf_changed":false},"product_brand":[],"product_cat":[1689,1682,1686],"product_tag":[],"class_list":{"0":"post-13670","1":"product","2":"type-product","3":"status-publish","4":"has-post-thumbnail","6":"product_cat-abbigliamento","7":"product_cat-affiliate-marketing-it","8":"product_cat-scarpe-abbigliamento-it","10":"first","11":"instock","12":"taxable","13":"shipping-taxable","14":"product-type-external"},"acf":[],"_links":{"self":[{"href":"https:\/\/trailrunningmovement.com\/it\/wp-json\/wp\/v2\/product\/13670","targetHints":{"allow":["GET"]}}],"collection":[{"href":"https:\/\/trailrunningmovement.com\/it\/wp-json\/wp\/v2\/product"}],"about":[{"href":"https:\/\/trailrunningmovement.com\/it\/wp-json\/wp\/v2\/types\/product"}],"wp:featuredmedia":[{"embeddable":true,"href":"https:\/\/trailrunningmovement.com\/it\/wp-json\/wp\/v2\/media\/13671"}],"wp:attachment":[{"href":"https:\/\/trailrunningmovement.com\/it\/wp-json\/wp\/v2\/media?parent=13670"}],"wp:term":[{"taxonomy":"product_brand","embeddable":true,"href":"https:\/\/trailrunningmovement.com\/it\/wp-json\/wp\/v2\/product_brand?post=13670"},{"taxonomy":"product_cat","embeddable":true,"href":"https:\/\/trailrunningmovement.com\/it\/wp-json\/wp\/v2\/product_cat?post=13670"},{"taxonomy":"product_tag","embeddable":true,"href":"https:\/\/trailrunningmovement.com\/it\/wp-json\/wp\/v2\/product_tag?post=13670"}],"curies":[{"name":"wp","href":"https:\/\/api.w.org\/{rel}","templated":true}]}}