{"id":13612,"date":"2025-05-04T10:21:38","date_gmt":"2025-05-04T08:21:38","guid":{"rendered":"https:\/\/trailrunningmovement.com\/?post_type=product&#038;p=13612"},"modified":"2025-05-15T15:13:06","modified_gmt":"2025-05-15T13:13:06","slug":"il-corridore-storia-marco-olmo","status":"publish","type":"product","link":"https:\/\/trailrunningmovement.com\/it\/prodotto\/il-corridore-storia-marco-olmo\/","title":{"rendered":"Il Corridore, La Storia di Marco Olmo"},"content":{"rendered":"","protected":false},"excerpt":{"rendered":"<p>All&#8217;inizio di questo racconto c&#8217;\u00e8 un uomo che si guarda allo specchio e si chiede: &#8220;Sono davvero io quel vecchio l\u00ec?&#8221;<\/p>\n<p>Il suo corpo non nasconde affatto il peso dei suoi sessantatr\u00e9 anni.<\/p>\n<p>Nessuno direbbe mai che ha la stoffa del campione.<\/p>\n<p>E non in uno sport qualunque, ma nell&#8217;ultra trail, una disciplina estrema che significa decine, centinaia di chilometri di corsa sui terreni e nei climi pi\u00f9 impervi, sulle Alpi o nei deserti.<\/p>\n<p>Marco Olmo \u00e8 stato boscaiolo e camionista, infine operaio per ventun anni in una grande cementeria della provincia piemontese.<\/p>\n<p>Poi, all&#8217;improvviso, \u00e8 iniziata la sua straordinaria avventura di corridore.<\/p>\n<p>Apparentemente un po&#8217; tardi per la sua et\u00e0. Ma Olmo viene dal &#8220;mondo dei vinti&#8221;, dal mondo delle montagne sconfitto dalla civilt\u00e0 industriale.<\/p>\n<p>La sua traiettoria \u00e8 ben di pi\u00f9 di un eccezionale exploit sportivo, \u00e8 un&#8217;occasione unica di riscatto, una vittoria profondamente umana.<\/p>\n<p>\u00c8 da l\u00ec che il corridore distilla, misura lentamente la sua forza.<\/p>\n<p>Marco Olmo si guarda allo specchio, si conta le rughe.<\/p>\n<p>&#8220;Quel vecchio l\u00ec&#8221;, magro e capace di sopportare fatiche immani, non ha intenzione di fermarsi, e gi\u00e0 immagina la prossima gara.<\/p>\n<p>&#8220;Conosco il mio corpo, e so dove mi pu\u00f2 portare. Lontano&#8221;.<\/p>\n","protected":false},"featured_media":13613,"template":"","meta":{"_acf_changed":false},"product_brand":[],"product_cat":[1682,1699,1683],"product_tag":[],"class_list":{"0":"post-13612","1":"product","2":"type-product","3":"status-publish","4":"has-post-thumbnail","6":"product_cat-affiliate-marketing-it","7":"product_cat-libri","8":"product_cat-libri-musica-varie-it","10":"first","11":"instock","12":"taxable","13":"shipping-taxable","14":"product-type-external"},"acf":[],"_links":{"self":[{"href":"https:\/\/trailrunningmovement.com\/it\/wp-json\/wp\/v2\/product\/13612","targetHints":{"allow":["GET"]}}],"collection":[{"href":"https:\/\/trailrunningmovement.com\/it\/wp-json\/wp\/v2\/product"}],"about":[{"href":"https:\/\/trailrunningmovement.com\/it\/wp-json\/wp\/v2\/types\/product"}],"wp:featuredmedia":[{"embeddable":true,"href":"https:\/\/trailrunningmovement.com\/it\/wp-json\/wp\/v2\/media\/13613"}],"wp:attachment":[{"href":"https:\/\/trailrunningmovement.com\/it\/wp-json\/wp\/v2\/media?parent=13612"}],"wp:term":[{"taxonomy":"product_brand","embeddable":true,"href":"https:\/\/trailrunningmovement.com\/it\/wp-json\/wp\/v2\/product_brand?post=13612"},{"taxonomy":"product_cat","embeddable":true,"href":"https:\/\/trailrunningmovement.com\/it\/wp-json\/wp\/v2\/product_cat?post=13612"},{"taxonomy":"product_tag","embeddable":true,"href":"https:\/\/trailrunningmovement.com\/it\/wp-json\/wp\/v2\/product_tag?post=13612"}],"curies":[{"name":"wp","href":"https:\/\/api.w.org\/{rel}","templated":true}]}}