{"id":13573,"date":"2018-12-03T16:05:45","date_gmt":"2018-12-03T16:05:45","guid":{"rendered":"https:\/\/trm.sernicola-labs.it\/?post_type=product&#038;p=13573"},"modified":"2018-12-03T16:05:46","modified_gmt":"2018-12-03T16:05:46","slug":"la-frontiera-invisibile-di-kilian-jornet","status":"publish","type":"product","link":"https:\/\/trailrunningmovement.com\/it\/prodotto\/la-frontiera-invisibile-di-kilian-jornet\/","title":{"rendered":"La Frontiera Invisibile, di Kilian Jornet"},"content":{"rendered":"","protected":false},"excerpt":{"rendered":"<p>&#8220;Se non sogniamo, siamo morti.&#8221; Questo \u00e8 il motto di Kilian Jornet, il giovane skyrunner catalano che il 21 agosto 2013 ha stabilito il nuovo record di salita e discesa del Cervino: 2 ore e 52 minuti per toccare il cielo e tornare indietro. Per Kilian la montagna rappresenta il sogno pi\u00f9 grande ma, come ha imparato tragicamente, pu\u00f2 anche trasformarsi nel peggiore degli incubi. Durante una traversata del Monte Bianco, infatti, Kilian ha perso il suo maestro, il suo idolo, il suo migliore amico. E il suo mondo \u00e8 andato in pezzi. Nel periodo che \u00e8 seguito, fatto di tante domande, dubbi e interrogativi su ci\u00f2 che stava facendo, ha elaborato un nuovo progetto, studiato per mettersi alla prova ancora una volta, per sondare il confine tra coraggio e incoscienza, per capire davvero se stesso e il senso delle sue imprese. Il progetto prevede di scalare una delle vette pi\u00f9 alte dell&#8217;Himalaya, il Gosainthan, al confine tra Cina e Nepal. Sono solo in tre, per un&#8217;avventura impossibile. Una spedizione invernale, senza corde, armati solo di un paio di sci, qualche provvista e una tenda. Questo libro racconta quel viaggio, che \u00e8 allo stesso tempo una ricerca, una fuga, un momento di conoscenza, un incontro con luoghi e persone lontane e con gli angoli pi\u00f9 profondi di s\u00e9. In queste pagine di una sincerit\u00e0 toccante, Kilian Jornet ci invita a seguirlo nel suo viaggio, ad andare oltre noi stessi, a oltrepassare le frontiere&#8230;<\/p>\n","protected":false},"featured_media":13574,"template":"","meta":{"_acf_changed":false},"product_brand":[],"product_cat":[1682,1699,1683],"product_tag":[],"class_list":{"0":"post-13573","1":"product","2":"type-product","3":"status-publish","4":"has-post-thumbnail","6":"product_cat-affiliate-marketing-it","7":"product_cat-libri","8":"product_cat-libri-musica-varie-it","10":"first","11":"instock","12":"taxable","13":"shipping-taxable","14":"product-type-external"},"acf":[],"_links":{"self":[{"href":"https:\/\/trailrunningmovement.com\/it\/wp-json\/wp\/v2\/product\/13573","targetHints":{"allow":["GET"]}}],"collection":[{"href":"https:\/\/trailrunningmovement.com\/it\/wp-json\/wp\/v2\/product"}],"about":[{"href":"https:\/\/trailrunningmovement.com\/it\/wp-json\/wp\/v2\/types\/product"}],"wp:featuredmedia":[{"embeddable":true,"href":"https:\/\/trailrunningmovement.com\/it\/wp-json\/wp\/v2\/media\/13574"}],"wp:attachment":[{"href":"https:\/\/trailrunningmovement.com\/it\/wp-json\/wp\/v2\/media?parent=13573"}],"wp:term":[{"taxonomy":"product_brand","embeddable":true,"href":"https:\/\/trailrunningmovement.com\/it\/wp-json\/wp\/v2\/product_brand?post=13573"},{"taxonomy":"product_cat","embeddable":true,"href":"https:\/\/trailrunningmovement.com\/it\/wp-json\/wp\/v2\/product_cat?post=13573"},{"taxonomy":"product_tag","embeddable":true,"href":"https:\/\/trailrunningmovement.com\/it\/wp-json\/wp\/v2\/product_tag?post=13573"}],"curies":[{"name":"wp","href":"https:\/\/api.w.org\/{rel}","templated":true}]}}