{"id":13353,"date":"2026-04-13T19:04:53","date_gmt":"2026-04-13T17:04:53","guid":{"rendered":"https:\/\/trm.sernicola-labs.it\/?post_type=product&#038;p=13353"},"modified":"2026-04-13T19:33:40","modified_gmt":"2026-04-13T17:33:40","slug":"garmin-index-smart-bilancia-impedenziometrica-bluetooth-e-wi-fi","status":"publish","type":"product","link":"https:\/\/trailrunningmovement.com\/it\/prodotto\/garmin-index-smart-bilancia-impedenziometrica-bluetooth-e-wi-fi\/","title":{"rendered":"Garmin Index Smart Bilancia Impedenziometrica Bluetooth e Wi-Fi"},"content":{"rendered":"","protected":false},"excerpt":{"rendered":"<div class=\"Y3BBE\" data-sfc-cp=\"\" data-sfc-root=\"c\" data-sfc-cb=\"\" data-hveid=\"CAEIAhAA\" data-processed=\"true\" data-complete=\"true\">La\u00a0<strong class=\"Yjhzub\" data-sfc-root=\"c\" data-sfc-cb=\"\" data-complete=\"true\" data-processed=\"true\">Garmin Index Smart Scale<\/strong> \u00e8 molto pi\u00f9 di un semplice strumento di pesatura; \u00e8 un dispositivo sanitario completo progettato per fornire i parametri precisi necessari per monitorare i tuoi progressi fisici e visualizzare risultati reali. Che tu sia un atleta d&#8217;\u00e9lite o che stia appena iniziando il tuo percorso di benessere, comprendere la composizione del tuo corpo \u00e8 fondamentale per raggiungere i tuoi obiettivi.<\/div>\n<div data-sfc-cp=\"\" data-sfc-root=\"c\" data-sfc-cb=\"\" data-hveid=\"CAEIAhAA\" data-processed=\"true\" data-complete=\"true\"><\/div>\n<div class=\"Y3BBE\" data-sfc-cp=\"\" data-sfc-root=\"c\" data-sfc-cb=\"\" data-hveid=\"CAEIAxAA\" data-complete=\"true\" data-processed=\"true\">Questa bilancia avanzata misura accuratamente un&#8217;ampia gamma di dati biometrici, tra cui il\u00a0<strong class=\"Yjhzub\" data-sfc-root=\"c\" data-sfc-cb=\"\" data-complete=\"true\" data-processed=\"true\">peso corporeo<\/strong>\u00a0totale (disponibile in libbre, chili o stone), l&#8217;<strong class=\"Yjhzub\" data-sfc-root=\"c\" data-sfc-cb=\"\" data-complete=\"true\" data-processed=\"true\">Indice di Massa Corporea (BMI)<\/strong>\u00a0e la\u00a0<strong class=\"Yjhzub\" data-sfc-root=\"c\" data-sfc-cb=\"\" data-complete=\"true\" data-processed=\"true\">percentuale di grasso corporeo<\/strong>. Oltre a questi dati di base, offre approfondimenti pi\u00f9 dettagliati calcolando la\u00a0<strong class=\"Yjhzub\" data-sfc-root=\"c\" data-sfc-cb=\"\" data-complete=\"true\" data-processed=\"true\">percentuale di acqua<\/strong>, la\u00a0<strong class=\"Yjhzub\" data-sfc-root=\"c\" data-sfc-cb=\"\" data-complete=\"true\" data-processed=\"true\">massa ossea<\/strong>\u00a0e la\u00a0<strong class=\"Yjhzub\" data-sfc-root=\"c\" data-sfc-cb=\"\" data-complete=\"true\" data-processed=\"true\">massa muscolare scheletrica<\/strong>. Tali dettagli consentono di distinguere tra la perdita di grasso e l&#8217;aumento di muscoli, un aspetto essenziale per uno stile di vita equilibrato.<\/div>\n<div data-sfc-cp=\"\" data-sfc-root=\"c\" data-sfc-cb=\"\" data-hveid=\"CAEIAxAA\" data-complete=\"true\" data-processed=\"true\"><\/div>\n<div class=\"Y3BBE\" data-sfc-cp=\"\" data-sfc-root=\"c\" data-sfc-cb=\"\" data-hveid=\"CAEIBBAA\" data-processed=\"true\" data-complete=\"true\">Dotata di\u00a0<strong class=\"Yjhzub\" data-sfc-root=\"c\" data-sfc-cb=\"\" data-complete=\"true\" data-processed=\"true\">connettivit\u00e0 Wi-Fi<\/strong>, la Garmin Index si sincronizza senza sforzo, assicurando che i tuoi dati siano sempre aggiornati senza necessit\u00e0 di inserimento manuale. Per gli appassionati di outdoor, \u00e8 senza dubbio la\u00a0<strong class=\"Yjhzub\" data-sfc-root=\"c\" data-sfc-cb=\"\" data-complete=\"true\" data-processed=\"true\">bilancia intelligente perfetta per il trail running<\/strong>. Le esigenze fisiche dei terreni tecnici richiedono un monitoraggio attento dell&#8217;idratazione e del recupero muscolare; collegando la bilancia all&#8217;ecosistema\u00a0<strong class=\"Yjhzub\" data-sfc-root=\"c\" data-sfc-cb=\"\" data-processed=\"true\" data-complete=\"true\">Garmin Connect<\/strong>, puoi tracciare l&#8217;evoluzione del tuo corpo insieme alle tue prestazioni di corsa.<\/div>\n<div data-sfc-cp=\"\" data-sfc-root=\"c\" data-sfc-cb=\"\" data-hveid=\"CAEIBBAA\" data-processed=\"true\" data-complete=\"true\"><\/div>\n<div class=\"Y3BBE\" data-sfc-cp=\"\" data-sfc-root=\"c\" data-sfc-cb=\"\" data-hveid=\"CAEIBRAA\" data-complete=\"true\" data-processed=\"true\">Visitando il sito\u00a0<strong class=\"Yjhzub\" data-sfc-root=\"c\" data-sfc-cb=\"\" data-complete=\"true\" data-processed=\"true\">GarminConnect.com<\/strong>\u00a0o utilizzando l&#8217;app\u00a0<strong class=\"Yjhzub\" data-sfc-root=\"c\" data-sfc-cb=\"\" data-complete=\"true\" data-processed=\"true\">Garmin Connect Mobile<\/strong>, puoi approfondire i tuoi dati con maggiore dettaglio.<\/div>\n<div data-sfc-cp=\"\" data-sfc-root=\"c\" data-sfc-cb=\"\" data-hveid=\"CAEIBRAA\" data-complete=\"true\" data-processed=\"true\"><\/div>\n<div class=\"Y3BBE\" data-sfc-cp=\"\" data-sfc-root=\"c\" data-sfc-cb=\"\" data-hveid=\"CAEIBRAA\" data-complete=\"true\" data-processed=\"true\">La piattaforma ti permette di visualizzare grafici di facile lettura, confrontare le tendenze quotidiane e rivedere i tuoi progressi a lungo termine rispetto a obiettivi personali specifici. Trasforma i semplici numeri in una tabella di marcia per il successo.<\/div>\n<div data-sfc-cp=\"\" data-sfc-root=\"c\" data-sfc-cb=\"\" data-hveid=\"CAEIBRAA\" data-complete=\"true\" data-processed=\"true\"><\/div>\n<div class=\"Y3BBE\" data-sfc-cp=\"\" data-sfc-root=\"c\" data-sfc-cb=\"\" data-hveid=\"CAEIBhAA\" data-complete=\"true\" data-processed=\"true\" aria-owns=\"action-menu-parent-container\">#GarminIndex #SmartScale #MonitoraggioFitness #GarminConnect #TrailRunning #TecnologiaSalute<\/div>\n","protected":false},"featured_media":13354,"template":"","meta":{"_acf_changed":false},"product_brand":[],"product_cat":[1682,1684,1690],"product_tag":[4422,4423,4421],"class_list":{"0":"post-13353","1":"product","2":"type-product","3":"status-publish","4":"has-post-thumbnail","6":"product_cat-affiliate-marketing-it","7":"product_cat-attrezzatura-accessori-tecnologia-it","8":"product_cat-tecnologia","9":"product_tag-bilancia-impedenziometrica","10":"product_tag-bilancia-trail-running","11":"product_tag-garmin-index","13":"first","14":"instock","15":"taxable","16":"shipping-taxable","17":"product-type-external"},"acf":[],"_links":{"self":[{"href":"https:\/\/trailrunningmovement.com\/it\/wp-json\/wp\/v2\/product\/13353","targetHints":{"allow":["GET"]}}],"collection":[{"href":"https:\/\/trailrunningmovement.com\/it\/wp-json\/wp\/v2\/product"}],"about":[{"href":"https:\/\/trailrunningmovement.com\/it\/wp-json\/wp\/v2\/types\/product"}],"wp:featuredmedia":[{"embeddable":true,"href":"https:\/\/trailrunningmovement.com\/it\/wp-json\/wp\/v2\/media\/13354"}],"wp:attachment":[{"href":"https:\/\/trailrunningmovement.com\/it\/wp-json\/wp\/v2\/media?parent=13353"}],"wp:term":[{"taxonomy":"product_brand","embeddable":true,"href":"https:\/\/trailrunningmovement.com\/it\/wp-json\/wp\/v2\/product_brand?post=13353"},{"taxonomy":"product_cat","embeddable":true,"href":"https:\/\/trailrunningmovement.com\/it\/wp-json\/wp\/v2\/product_cat?post=13353"},{"taxonomy":"product_tag","embeddable":true,"href":"https:\/\/trailrunningmovement.com\/it\/wp-json\/wp\/v2\/product_tag?post=13353"}],"curies":[{"name":"wp","href":"https:\/\/api.w.org\/{rel}","templated":true}]}}