{"id":13149,"date":"2018-11-24T15:42:59","date_gmt":"2018-11-24T15:42:59","guid":{"rendered":"https:\/\/trm.sernicola-labs.it\/?post_type=product&#038;p=13149"},"modified":"2018-11-24T15:43:00","modified_gmt":"2018-11-24T15:43:00","slug":"sony-wi-sp600np-cuffie-wireless-sport","status":"publish","type":"product","link":"https:\/\/trailrunningmovement.com\/it\/prodotto\/sony-wi-sp600np-cuffie-wireless-sport\/","title":{"rendered":"Sony WI-SP600NP Cuffie Wireless Sport"},"content":{"rendered":"","protected":false},"excerpt":{"rendered":"<p>Auricolari wireless leggeri ed impermiabili studiati per lo sport e adatti ad accompagnarti nelle ultra trail. Principali caratteristiche: eliminazione digitale del rumore per ascoltare ci\u00f2 che desideri, modalit\u00e0 suono ambiente per sentire i suoni esterni fondamentali, libert\u00e0 wireless con la tecnologia Bluetooth\u00ae e NFC,\u00a0design leggero dietro la nuca con aderenza sicura,\u00a0sound EXTRA BASS\u2122 con frequenze basse profonde e corpose<\/p>\n","protected":false},"featured_media":13152,"template":"","meta":{"_acf_changed":false},"product_brand":[],"product_cat":[1682,1683,1698],"product_tag":[],"class_list":{"0":"post-13149","1":"product","2":"type-product","3":"status-publish","4":"has-post-thumbnail","6":"product_cat-affiliate-marketing-it","7":"product_cat-libri-musica-varie-it","8":"product_cat-musica","10":"first","11":"instock","12":"taxable","13":"shipping-taxable","14":"product-type-external"},"acf":[],"_links":{"self":[{"href":"https:\/\/trailrunningmovement.com\/it\/wp-json\/wp\/v2\/product\/13149","targetHints":{"allow":["GET"]}}],"collection":[{"href":"https:\/\/trailrunningmovement.com\/it\/wp-json\/wp\/v2\/product"}],"about":[{"href":"https:\/\/trailrunningmovement.com\/it\/wp-json\/wp\/v2\/types\/product"}],"wp:featuredmedia":[{"embeddable":true,"href":"https:\/\/trailrunningmovement.com\/it\/wp-json\/wp\/v2\/media\/13152"}],"wp:attachment":[{"href":"https:\/\/trailrunningmovement.com\/it\/wp-json\/wp\/v2\/media?parent=13149"}],"wp:term":[{"taxonomy":"product_brand","embeddable":true,"href":"https:\/\/trailrunningmovement.com\/it\/wp-json\/wp\/v2\/product_brand?post=13149"},{"taxonomy":"product_cat","embeddable":true,"href":"https:\/\/trailrunningmovement.com\/it\/wp-json\/wp\/v2\/product_cat?post=13149"},{"taxonomy":"product_tag","embeddable":true,"href":"https:\/\/trailrunningmovement.com\/it\/wp-json\/wp\/v2\/product_tag?post=13149"}],"curies":[{"name":"wp","href":"https:\/\/api.w.org\/{rel}","templated":true}]}}