{"id":13119,"date":"2018-11-24T11:06:39","date_gmt":"2018-11-24T11:06:39","guid":{"rendered":"https:\/\/trm.sernicola-labs.it\/?post_type=product&#038;p=13119"},"modified":"2018-11-24T11:06:40","modified_gmt":"2018-11-24T11:06:40","slug":"science-in-sport-sis-go-gel-isotonico-energetico","status":"publish","type":"product","link":"https:\/\/trailrunningmovement.com\/it\/prodotto\/science-in-sport-sis-go-gel-isotonico-energetico\/","title":{"rendered":"Science in Sport SiS GO Gel isotonico energetico"},"content":{"rendered":"","protected":false},"excerpt":{"rendered":"<p>Il Gel isotonico SiS GO offre un apporto rapido di carboidrati ad alta digeribilit\u00e0 e, in caso di necessit\u00e0, pu\u00f2 essere assunto senz&#8217;acqua.<br \/>\nPrincipali caratteristiche:<br \/>\n&#8211; 22 grammi di carboidrati per gel<br \/>\n&#8211; Formulazione isotonica per un apporto energetico rapido<br \/>\n&#8211; Pratica formulazione in gel.<\/p>\n","protected":false},"featured_media":13120,"template":"","meta":{"_acf_changed":false},"product_brand":[],"product_cat":[1682,1687,1694],"product_tag":[],"class_list":{"0":"post-13119","1":"product","2":"type-product","3":"status-publish","4":"has-post-thumbnail","6":"product_cat-affiliate-marketing-it","7":"product_cat-alimentazione-it","8":"product_cat-alimentazione-it-2","10":"first","11":"instock","12":"taxable","13":"shipping-taxable","14":"product-type-external"},"acf":[],"_links":{"self":[{"href":"https:\/\/trailrunningmovement.com\/it\/wp-json\/wp\/v2\/product\/13119","targetHints":{"allow":["GET"]}}],"collection":[{"href":"https:\/\/trailrunningmovement.com\/it\/wp-json\/wp\/v2\/product"}],"about":[{"href":"https:\/\/trailrunningmovement.com\/it\/wp-json\/wp\/v2\/types\/product"}],"wp:featuredmedia":[{"embeddable":true,"href":"https:\/\/trailrunningmovement.com\/it\/wp-json\/wp\/v2\/media\/13120"}],"wp:attachment":[{"href":"https:\/\/trailrunningmovement.com\/it\/wp-json\/wp\/v2\/media?parent=13119"}],"wp:term":[{"taxonomy":"product_brand","embeddable":true,"href":"https:\/\/trailrunningmovement.com\/it\/wp-json\/wp\/v2\/product_brand?post=13119"},{"taxonomy":"product_cat","embeddable":true,"href":"https:\/\/trailrunningmovement.com\/it\/wp-json\/wp\/v2\/product_cat?post=13119"},{"taxonomy":"product_tag","embeddable":true,"href":"https:\/\/trailrunningmovement.com\/it\/wp-json\/wp\/v2\/product_tag?post=13119"}],"curies":[{"name":"wp","href":"https:\/\/api.w.org\/{rel}","templated":true}]}}