{"id":13113,"date":"2018-11-24T10:45:24","date_gmt":"2018-11-24T10:45:24","guid":{"rendered":"https:\/\/trm.sernicola-labs.it\/?post_type=product&#038;p=13113"},"modified":"2018-11-24T10:45:25","modified_gmt":"2018-11-24T10:45:25","slug":"black-diamond-bastoni-ultra-trail-running","status":"publish","type":"product","link":"https:\/\/trailrunningmovement.com\/it\/prodotto\/black-diamond-bastoni-ultra-trail-running\/","title":{"rendered":"Black Diamond, Bastoni Ultra Trail Running"},"content":{"rendered":"","protected":false},"excerpt":{"rendered":"<p>I bastoncini Distance di Black Diamond si caratterizzano per la leggerezza e la facilit\u00e0 di ripiegarli per riporli nello zaino. Grazie al fatto che possono essere ripiegati in tre segmenti con facilit\u00e0 e rapidit\u00e0, non butterai via del tempo prezioso in gara. Le punte maniglie leggere in schiuma EVA offrono praticit\u00e0 e comfort.<\/p>\n","protected":false},"featured_media":13114,"template":"","meta":{"_acf_changed":false},"product_brand":[],"product_cat":[1682,1692,1684],"product_tag":[],"class_list":{"0":"post-13113","1":"product","2":"type-product","3":"status-publish","4":"has-post-thumbnail","6":"product_cat-affiliate-marketing-it","7":"product_cat-attrezzatura","8":"product_cat-attrezzatura-accessori-tecnologia-it","10":"first","11":"instock","12":"taxable","13":"shipping-taxable","14":"product-type-external"},"acf":[],"_links":{"self":[{"href":"https:\/\/trailrunningmovement.com\/it\/wp-json\/wp\/v2\/product\/13113","targetHints":{"allow":["GET"]}}],"collection":[{"href":"https:\/\/trailrunningmovement.com\/it\/wp-json\/wp\/v2\/product"}],"about":[{"href":"https:\/\/trailrunningmovement.com\/it\/wp-json\/wp\/v2\/types\/product"}],"wp:featuredmedia":[{"embeddable":true,"href":"https:\/\/trailrunningmovement.com\/it\/wp-json\/wp\/v2\/media\/13114"}],"wp:attachment":[{"href":"https:\/\/trailrunningmovement.com\/it\/wp-json\/wp\/v2\/media?parent=13113"}],"wp:term":[{"taxonomy":"product_brand","embeddable":true,"href":"https:\/\/trailrunningmovement.com\/it\/wp-json\/wp\/v2\/product_brand?post=13113"},{"taxonomy":"product_cat","embeddable":true,"href":"https:\/\/trailrunningmovement.com\/it\/wp-json\/wp\/v2\/product_cat?post=13113"},{"taxonomy":"product_tag","embeddable":true,"href":"https:\/\/trailrunningmovement.com\/it\/wp-json\/wp\/v2\/product_tag?post=13113"}],"curies":[{"name":"wp","href":"https:\/\/api.w.org\/{rel}","templated":true}]}}