{"id":11777,"date":"2018-09-28T16:18:50","date_gmt":"2018-09-28T16:18:50","guid":{"rendered":"https:\/\/trm.sernicola-labs.it\/?post_type=product&#038;p=11777"},"modified":"2023-10-25T09:39:48","modified_gmt":"2023-10-25T08:39:48","slug":"tesseramento-eps","status":"publish","type":"product","link":"https:\/\/trailrunningmovement.com\/it\/prodotto\/tesseramento-eps\/","title":{"rendered":"Tesseramento <br>EPS"},"content":{"rendered":"<p><strong>MODALIT\u00c0 D&#8217;ACQUISTO E FRUIZIONE<\/strong><\/p>\n<p>La Tessera EPS viene acquistata con pagamento anticipato ed il tesseramento ha durata annuale. Per le condizioni che disciplinano l\u2019utilizzo della tessera e l\u2019iscrizione alle gare si rimanda alla normativa dell&#8217;EPS di riferimento.<br \/>\nLe quote associative comprendono, oltre all\u2019iscrizione all&#8217;Associazione, anche una copertura assicurativa minima obbligatoria, ma non la divisa sociale, che \u00e8 possibile acquistare a parte.<\/p>\n<p>Per poter procedere al tesseramento occorre:<\/p>\n<ul>\n<li>effettuare il pagamento<\/li>\n<li>procedere alla consegna della documentazione obbligatoria richiesta<\/li>\n<\/ul>\n<p><a class=\"uk-button uk-button-primary\" href=\"\/condizioni-dacquisto-tesseramento\/\" target=\"_blank\" rel=\"noopener\">Condizioni d&#8217;acquisto<\/a><\/p>\n","protected":false},"excerpt":{"rendered":"<p>La quota di tesseramento di TRM Team ASD con affiliazione ad EPS certificato CONI \u00e8 obbligatoria per tutti gli atleti della ASD.<\/p>\n<p>L\u2019iscrizione a TRM Team ASD consente di:<\/p>\n<ul>\n<li>tesserarsi alla Ente di Promozione Sportiva ASI Nazionale come TRM Team ASD<\/li>\n<li>partecipare a tutte le Manifestazioni organizzate sotto l&#8217;egida dell&#8217;Ente di Promozione Sportiva ASI Nazionale o di tutti gli altri EPS o Federazioni con le quali l&#8217;Ente ha le convenzioni.<\/li>\n<li>beneficiare di una assicurazione sportiva coerente con il tipo di tessera ASI Nazionale prescelto*<\/li>\n<li>effettuare la visita medico\/sportiva per attivit\u00e0 agonistica** con lo sconto previsto dalle strutture convenzionate (previa presentazione della richiesta della Sezione al Centro prescelto di Medicina dello Sport)<\/li>\n<li>aderire al Gruppo Atleti nazionale TRM Team, Gruppo WhatsApp, e beneficiare di agevolazioni e sconti dedicati per acquistare prodotti, pettorali di gare di trail running e running, accedere alle agevolazioni e sconti per servizi erogati da TRM Team ASD e approfittare dei servizi di car sharing o incontri ad eventi tra atleti e allenatori di trail running e running di TRM Team presenti su tutto il territorio nazionale&#8230; e molto altri vantaggi di volta in volta pubblicati sul Gruppo WhatsApp degli atleti.<\/li>\n<\/ul>\n<p><span style=\"font-size: 12px;\">* il tipo di tessera \u00e8 quello &#8220;basic&#8221;, cio\u00e8 con la copertura assicurativa minima. Per informazioni o richiesta di una copertura assicurativa sportiva pi\u00f9 estesa, scrivere a: <a href=\"trmteamasd@gmail.com\">trmteamasd@gmail.com<\/a><br \/>\n** in assenza di visita medica non sar\u00e0 rilasciata la tessera. Alla scadenza del certificato medico o al mancato rinnovo della tessera l&#8217;assicurazione non \u00e8 valida e l&#8217;atleta \u00e8 sospeso fino al rinnovo della tessera o alla consegna del nuovo certificato sportivo (la sospensione preclude la partecipazione alle gare)<\/span><\/p>\n","protected":false},"featured_media":11780,"template":"","meta":{"_acf_changed":false},"product_brand":[],"product_cat":[21],"product_tag":[3676,3678,3698,3677,3675,3671,3674,3673,3672,3702,3707,3705,3704,3700,3699,3703,3706,2010,3701,3695],"class_list":{"0":"post-11777","1":"product","2":"type-product","3":"status-publish","4":"has-post-thumbnail","6":"product_cat-camp-voucher-tessere","7":"product_tag-asinazionale","8":"product_tag-associazioneasd","9":"product_tag-endurancetrailrunning-it","10":"product_tag-eps","11":"product_tag-squadrasportivatrailrunning","12":"product_tag-tesserasportiva","13":"product_tag-trailrunning","14":"product_tag-trmteam","15":"product_tag-trmteamasd","16":"product_tag-asdtesseramentoannuale","17":"product_tag-atletaasd","18":"product_tag-atletatrailrunning","19":"product_tag-migliorsquadratrailrunning","20":"product_tag-quotaaanualeasd","21":"product_tag-quotaassociazionesportiva","22":"product_tag-quotatesseramentoatleta","23":"product_tag-socioasd","24":"product_tag-tecnologia-trail-running","25":"product_tag-tesseramentoasd","26":"product_tag-ultratrailrunning","28":"first","29":"instock","30":"virtual","31":"purchasable","32":"product-type-simple"},"acf":[],"_links":{"self":[{"href":"https:\/\/trailrunningmovement.com\/it\/wp-json\/wp\/v2\/product\/11777","targetHints":{"allow":["GET"]}}],"collection":[{"href":"https:\/\/trailrunningmovement.com\/it\/wp-json\/wp\/v2\/product"}],"about":[{"href":"https:\/\/trailrunningmovement.com\/it\/wp-json\/wp\/v2\/types\/product"}],"wp:featuredmedia":[{"embeddable":true,"href":"https:\/\/trailrunningmovement.com\/it\/wp-json\/wp\/v2\/media\/11780"}],"wp:attachment":[{"href":"https:\/\/trailrunningmovement.com\/it\/wp-json\/wp\/v2\/media?parent=11777"}],"wp:term":[{"taxonomy":"product_brand","embeddable":true,"href":"https:\/\/trailrunningmovement.com\/it\/wp-json\/wp\/v2\/product_brand?post=11777"},{"taxonomy":"product_cat","embeddable":true,"href":"https:\/\/trailrunningmovement.com\/it\/wp-json\/wp\/v2\/product_cat?post=11777"},{"taxonomy":"product_tag","embeddable":true,"href":"https:\/\/trailrunningmovement.com\/it\/wp-json\/wp\/v2\/product_tag?post=11777"}],"curies":[{"name":"wp","href":"https:\/\/api.w.org\/{rel}","templated":true}]}}