{"id":11760,"date":"2018-09-28T15:00:50","date_gmt":"2018-09-28T15:00:50","guid":{"rendered":"https:\/\/trm.sernicola-labs.it\/?post_type=product&#038;p=11760"},"modified":"2018-11-09T15:28:03","modified_gmt":"2018-11-09T15:28:03","slug":"test-forza-mentale","status":"publish","type":"product","link":"https:\/\/trailrunningmovement.com\/it\/prodotto\/test-forza-mentale\/","title":{"rendered":"Test<br>Forza Mentale"},"content":{"rendered":"<p><strong>VANTAGGI<\/strong><\/p>\n<p>Il Test Forza Mentale consente di:<\/p>\n<ul>\n<li>percepire in modo concreto i cambiamenti avvenuti<\/li>\n<li>impostare nuovi obiettivi, in un\u2019ottica di miglioramento continuo<\/li>\n<li>beneficiare della restituzione di un Mental Coach esperto, capace di promuovere una visione ed una prospettiva differente<\/li>\n<\/ul>\n<p><strong>DESTINATARI<\/strong><\/p>\n<p>Il\u00a0Test Forza Mentale \u00e8 l&#8217;ultimo tassello del percorso di Mental Coaching personalizzato e rappresenta il momento di chiusura del ciclo di sessioni svolte nei mesi precedenti.<\/p>\n<p><strong>MODALIT\u00c0 DI FRUIZIONE<\/strong><\/p>\n<p>Per poter completare il test i occorre:<\/p>\n<ul>\n<li>aver frequentato almeno il 70% delle sessioni del programma TRM Mental Strenght<\/li>\n<li>procedere al pagamento<\/li>\n<\/ul>\n<p class=\"uk-text-large\">Completata la procedura di acquisto, l&#8217;erogazione del test sar\u00e0 disponibile entro 5 giorni lavorativi. La Segreteria provveder\u00e0 a inviare il link per la compilazione del Test via email all&#8217;atleta. Al termine del test, entro 14 giorni verr\u00e0 inviato il feed back finale alla casella do posta elettronica indicata dall&#8217;atleta.<\/p>\n<p><a class=\"uk-button uk-button-primary\" href=\"\/condizioni-dacquisto-senza-rimborso\/\" target=\"_blank\" rel=\"noopener\">Condizioni d&#8217;acquisto<\/a><\/p>\n","protected":false},"excerpt":{"rendered":"<p>Il Test Mental Strenght, o Test di Forza Mentale, \u00e8 composto da pi\u00f9 momenti:<\/p>\n<ul>\n<li>la compilazione di uno o pi\u00f9 questionari di verifica dei progressi raggiunti dopo le sessioni di Coaching individuali e personalizzate<\/li>\n<li>il feedback del Coach di forza mentale<\/li>\n<\/ul>\n<p>L\u2019intero percorso di coaching prevede un monitoraggio continuo dei risultati ottenuti. Tra un incontro e l\u2019altro saranno infatti definite, in accordo e con il supporto dei TRM Coach, le attivit\u00e0 che l&#8217;atleta potr\u00e0 svolgere in autonomia, al fine di allenare le abilit\u00e0 mentali individuate.<br \/>\nAd ogni incontro l\u2019atleta potr\u00e0 dunque avere evidenza dei progressi raggiunti al fine di riformulare al meglio gli obiettivi successivi.<br \/>\nDopo ogni incontro, l&#8217;atleta potr\u00e0 compilare un questionario online con domande relative alla sessione di coaching frequentate e ai miglioramenti ottenuti.<br \/>\nL\u2019intero percorso si concluder\u00e0 con la somministrazione di un questionario simile a quello di inizio programma, al fine di valutare i cambiamenti avvenuti.<br \/>\nI risultati sono sempre monitorati in termini sia qualitativi che quantitativi.<\/p>\n","protected":false},"featured_media":12322,"template":"","meta":{"_acf_changed":false},"product_brand":[],"product_cat":[20],"product_tag":[],"class_list":{"0":"post-11760","1":"product","2":"type-product","3":"status-publish","4":"has-post-thumbnail","6":"product_cat-allenamento","8":"first","9":"instock","10":"virtual","11":"taxable","12":"purchasable","13":"product-type-simple"},"acf":[],"_links":{"self":[{"href":"https:\/\/trailrunningmovement.com\/it\/wp-json\/wp\/v2\/product\/11760","targetHints":{"allow":["GET"]}}],"collection":[{"href":"https:\/\/trailrunningmovement.com\/it\/wp-json\/wp\/v2\/product"}],"about":[{"href":"https:\/\/trailrunningmovement.com\/it\/wp-json\/wp\/v2\/types\/product"}],"wp:featuredmedia":[{"embeddable":true,"href":"https:\/\/trailrunningmovement.com\/it\/wp-json\/wp\/v2\/media\/12322"}],"wp:attachment":[{"href":"https:\/\/trailrunningmovement.com\/it\/wp-json\/wp\/v2\/media?parent=11760"}],"wp:term":[{"taxonomy":"product_brand","embeddable":true,"href":"https:\/\/trailrunningmovement.com\/it\/wp-json\/wp\/v2\/product_brand?post=11760"},{"taxonomy":"product_cat","embeddable":true,"href":"https:\/\/trailrunningmovement.com\/it\/wp-json\/wp\/v2\/product_cat?post=11760"},{"taxonomy":"product_tag","embeddable":true,"href":"https:\/\/trailrunningmovement.com\/it\/wp-json\/wp\/v2\/product_tag?post=11760"}],"curies":[{"name":"wp","href":"https:\/\/api.w.org\/{rel}","templated":true}]}}