{"id":24422,"date":"2025-01-27T13:20:31","date_gmt":"2025-01-27T12:20:31","guid":{"rendered":"https:\/\/trailrunningmovement.com\/?page_id=24422"},"modified":"2025-01-27T13:40:43","modified_gmt":"2025-01-27T12:40:43","slug":"privacy-policy","status":"publish","type":"page","link":"https:\/\/trailrunningmovement.com\/it\/privacy-policy\/","title":{"rendered":"Privacy Policy"},"content":{"rendered":"<h2>INFORMATIVA SULLA PRIVACY POLICY<\/h2>\n<p>TRAIL RUNNING MOVEMENT, in sintesi \u201cTRM\u201d seguendo una politica di trasparenza e correttezza, nel rispetto della disciplina vigente e con particolare riferimento ai sensi della normativa nazionale applicabile e del Regolamento Privacy Europeo n. 679\/2016 (\u201cGDPR\u201d, in seguito \u201cCodice Privacy\u201d), fornisce alcune informazioni riguardanti il trattamento dei dati personali forniti dall\u2019utente.<\/p>\n<p>Trail Running Movement o TRM \u00e8 un marchio registrato e portale web di propriet\u00e0 di DMP 360 SL.<br \/>\nSi precisa che, in base all\u2019articolo 4, comma 1, lettera a), del Codice Privacy, per trattamento deve intendersi: \u201cqualunque operazione o complesso di operazioni, effettuati anche senza l\u2019ausilio di strumenti elettronici, concernenti la raccolta, la registrazione, l\u2019organizzazione, la conservazione, la consultazione, l\u2019elaborazione, la modificazione, la selezione, l\u2019estrazione, il raffronto, l\u2019utilizzo, l\u2019interconnessione, il blocco, la comunicazione, la diffusione, la cancellazione e la distruzione di dati, anche se non registrati in una banca dati\u201d.<\/p>\n<h2>\n1) FINALIT\u00c0 DEL TRATTAMENTO PRIVACY POLICY<\/h2>\n<p>1.1. I dati forniti o comunque acquisiti da DMP 360 SL direttamente dall\u2019Utente o presso terzi, sono trattati dalla nostra societ\u00e0 e\/o dai nostri incaricati per le seguenti finalit\u00e0:<br \/>\na) per lo svolgimento della propria attivit\u00e0 in esecuzione, gestione, conclusione, adempimento dei rapporti precontrattuali e contrattuali in essere, per fornire i servizi richiesti o previsti in favore dell\u2019Utente, nonch\u00e9 per l\u2019espletamento delle attivit\u00e0 strettamente connesse;<br \/>\nb) per l\u2019adempimento degli obblighi previsti da leggi, regolamenti, disposizioni emanate da autorit\u00e0 ed organi di vigilanza e controllo;<br \/>\nc) per lo svolgimento di attivit\u00e0 commerciali di promozione di servizi e prodotti offerti da DMP 360 SL e\/o dai suoi Partner commerciali, compreso l\u2019invio di materiale pubblicitario o di comunicazioni periodiche.<br \/>\n1.2. DMP 360 SL proceder\u00e0 alla raccolta o al trattamento dei dati. Tali dati potranno per\u00f2 essere successivamente acquisiti e trattati dai soggetti Partner di DMP 360 SL che dovranno consegnare i beni o erogare i servizi acquistati, sempre nei limiti in cui tale trattamento sia strumentale per la specifica finalit\u00e0 perseguita dall\u2019operazione o dai servizi richiesti.<br \/>\n1.3. I dati raccolti saranno altres\u00ec trattati da DMP 360 SL, senza necessit\u00e0 di esplicito consenso conformemente alle previsioni di cui all\u2019articolo 130, comma 4, del Codice della Privacy e al provvedimento del Garante \u201cSemplificazioni di taluni adempimenti in ambito pubblico e privato rispetto a trattamenti per finalit\u00e0 amministrative e contabili\u201d del 19\/06\/2008, per la comunicazione commerciale, l\u2019offerta di prodotti o servizi, l\u2019invio di materiale pubblicitario, il compimento di ricerche di mercato da parte di DMP 360 SL attraverso posta cartacea e posta elettronica. Ai sensi dell\u2019articolo 7, comma 4, del Codice della Privacy, il cliente pu\u00f2 opporsi in ogni momento \u201cal trattamento dei dati personali che lo riguardano ai fini di invio di materiale pubblicitario o di vendita diretta o per il compimento di ricerche di mercato o di comunicazione commerciale\u201d.<\/p>\n<h2>\n2) MODALIT\u00c0 DI TRATTAMENTO DEI DATI PRIVACY POLICY<\/h2>\n<p>Il trattamento in oggetto \u00e8 svolto secondo le modalit\u00e0 previste dal Codice Privacy, anche a mezzo di strumenti informatici e automatizzati, in via non esaustiva attraverso operazioni di raccolta, registrazione, organizzazione, conservazione, elaborazione, selezione, raffronto, utilizzo, interconnessione, consultazione, comunicazione, cancellazione, distruzione, blocco dei dati, secondo principi di tutela della sicurezza\/protezione, accessibilit\u00e0, confidenzialit\u00e0, integrit\u00e0. Gli stessi dati sono trattati e detenuti nei termini di quanto obbligatoriamente previsto dalla legge, nei limiti e per le modalit\u00e0 dalla stessa specificate.<br \/>\nIl trattamento \u00e8 svolto direttamente dall\u2019organizzazione di DMP 360 SL, delle Societ\u00e0 del Gruppo e dai soggetti esterni a tale organizzazione, facenti parte del network dei propri Partner commerciali, delegati in qualit\u00e0 di incaricati\/responsabili della stessa societ\u00e0 e\/o soggetti strettamente connessi al funzionamento della stessa e\/o all\u2019espletamento delle attivit\u00e0 contrattualmente previste e richieste dall\u2019Utente (oltre a quanto precisato al punto 4). I dati non sono soggetti a diffusione.<br \/>\nIl trattamento \u00e8 svolto direttamente dall\u2019organizzazione di DMP 360 SL, delle Societ\u00e0 del Gruppo e dai soggetti esterni a tale organizzazione, facenti parte del network dei propri Partner commerciali, delegati in qualit\u00e0 di incaricati\/responsabili della stessa societ\u00e0 e\/o soggetti strettamente connessi al funzionamento della stessa e\/o all\u2019espletamento delle attivit\u00e0 contrattualmente previste e richieste dall\u2019Utente (oltre a quanto precisato al punto 4).<br \/>\nI dati non sono soggetti a diffusione.<br \/>\nPu\u00f2 essere richiesta la modifica dei dati personali in qualunque momento scrivendo a:<\/p>\n<p>DMP 360 S.L.<br \/>\nAv. Touroperador Alpitours 2 El Palmeral 12-B<br \/>\n35100 San Bartolome de Tirajana Las Palmas (Espana)<\/p>\n<p>Email: info@dmp360sl.com \/ dmp360sl@gmail.com<\/p>\n<p>Aggiornamento pagina al 25\/01\/2025<\/p>\n","protected":false},"excerpt":{"rendered":"<p>INFORMATIVA SULLA PRIVACY POLICY TRAIL RUNNING MOVEMENT, in sintesi \u201cTRM\u201d seguendo una politica di trasparenza e correttezza, nel rispetto della disciplina vigente e con particolare riferimento ai sensi della normativa nazionale applicabile e del Regolamento Privacy Europeo n. 679\/2016 (\u201cGDPR\u201d, in seguito \u201cCodice Privacy\u201d), fornisce alcune informazioni riguardanti il trattamento dei dati personali forniti dall\u2019utente. [&hellip;]<\/p>\n","protected":false},"author":1,"featured_media":0,"parent":0,"menu_order":0,"comment_status":"closed","ping_status":"closed","template":"","meta":{"_acf_changed":false,"footnotes":""},"class_list":["post-24422","page","type-page","status-publish","hentry"],"acf":[],"_links":{"self":[{"href":"https:\/\/trailrunningmovement.com\/it\/wp-json\/wp\/v2\/pages\/24422","targetHints":{"allow":["GET"]}}],"collection":[{"href":"https:\/\/trailrunningmovement.com\/it\/wp-json\/wp\/v2\/pages"}],"about":[{"href":"https:\/\/trailrunningmovement.com\/it\/wp-json\/wp\/v2\/types\/page"}],"author":[{"embeddable":true,"href":"https:\/\/trailrunningmovement.com\/it\/wp-json\/wp\/v2\/users\/1"}],"replies":[{"embeddable":true,"href":"https:\/\/trailrunningmovement.com\/it\/wp-json\/wp\/v2\/comments?post=24422"}],"version-history":[{"count":1,"href":"https:\/\/trailrunningmovement.com\/it\/wp-json\/wp\/v2\/pages\/24422\/revisions"}],"predecessor-version":[{"id":24423,"href":"https:\/\/trailrunningmovement.com\/it\/wp-json\/wp\/v2\/pages\/24422\/revisions\/24423"}],"wp:attachment":[{"href":"https:\/\/trailrunningmovement.com\/it\/wp-json\/wp\/v2\/media?parent=24422"}],"curies":[{"name":"wp","href":"https:\/\/api.w.org\/{rel}","templated":true}]}}